{"id":29,"date":"2022-01-03T23:30:15","date_gmt":"2022-01-03T22:30:15","guid":{"rendered":"http:\/\/wuduraku.art\/?page_id=29"},"modified":"2022-01-05T22:16:19","modified_gmt":"2022-01-05T21:16:19","slug":"kontakt","status":"publish","type":"page","link":"https:\/\/wuduraku.art\/index.php\/kontakt\/","title":{"rendered":"Kontakt"},"content":{"rendered":"\n\t<section class=\"section\" id=\"section_883956883\">\n\t\t<div class=\"bg section-bg fill bg-fill  bg-loaded\" >\n\n\t\t\t\n\t\t\t<div class=\"section-bg-overlay absolute fill\"><\/div>\n\t\t\t\n\n\t\t<\/div>\n\n\t\t\n\n\t\t<div class=\"section-content relative\">\n\t\t\t\n\n<div class=\"row row-collapse row-full-width align-middle\"  id=\"row-2111175021\">\n\n\n\t<div id=\"col-1641546805\" class=\"col medium-6 small-12 large-6\"  >\n\t\t\t\t<div class=\"col-inner\"  >\n\t\t\t\n\t\t\t\n\n\t<div class=\"img has-hover x md-x lg-x y md-y lg-y\" id=\"image_1975471573\">\n\t\t\t\t\t\t\t\t<div class=\"img-inner dark\" >\n\t\t\t<img loading=\"lazy\" decoding=\"async\" width=\"1020\" height=\"680\" src=\"https:\/\/wuduraku.art\/wp-content\/uploads\/2022\/01\/Ada-Bednarek-Wudu-Raku-1024x683.jpg\" class=\"attachment-large size-large\" alt=\"Ada Bednarek Wudu Raku\" srcset=\"https:\/\/wuduraku.art\/wp-content\/uploads\/2022\/01\/Ada-Bednarek-Wudu-Raku-1024x683.jpg 1024w, https:\/\/wuduraku.art\/wp-content\/uploads\/2022\/01\/Ada-Bednarek-Wudu-Raku-300x200.jpg 300w, https:\/\/wuduraku.art\/wp-content\/uploads\/2022\/01\/Ada-Bednarek-Wudu-Raku-768x512.jpg 768w, https:\/\/wuduraku.art\/wp-content\/uploads\/2022\/01\/Ada-Bednarek-Wudu-Raku-1536x1024.jpg 1536w, https:\/\/wuduraku.art\/wp-content\/uploads\/2022\/01\/Ada-Bednarek-Wudu-Raku.jpg 2048w\" sizes=\"auto, (max-width: 1020px) 100vw, 1020px\" \/>\t\t\t\t\t\t\n\t\t\t\t\t\t\t<div class=\"caption\">Ada Bednarek Wudu Raku<\/div>\n\t\t\t\t\t<\/div>\n\t\t\t\t\t\t\t\t\n<style>\n#image_1975471573 {\n  width: 100%;\n}\n<\/style>\n\t<\/div>\n\t\n\n\n\t\t<\/div>\n\t\t\t\t\t<\/div>\n\n\t\n\n\t<div id=\"col-1578481201\" class=\"col medium-6 small-12 large-6\"  >\n\t\t\t\t<div class=\"col-inner text-center\"  >\n\t\t\t\n\t\t\t\n\n<h2>\ud83d\udc97\ud83d\udcab Ada Bednarek<\/h2>\n<h3> Wszelkie pytania dotycz\u0105ce ceramiki. \ud83d\udc97\ud83d\udcab<\/h3>\n<h4>KONTAKT<\/h4>\n<p>Ja, Czacha Dymi oraz Birdman. Na szyi &#8211; Marsja\u0144skie Ksi\u0119\u017cyce.<br \/>\nAutorka fotografii: Sylwia Wawrzyniak-Bodnar<\/p>\n<a href=\"https:\/\/www.facebook.com\/wuduraku\/\" target=\"_self\" class=\"button primary\"  >\n    <span>Facebook<\/span>\n  <\/a>\n\n\n\n\t\t<\/div>\n\t\t\t\t\n<style>\n#col-1578481201 > .col-inner {\n  padding: 10% 10% 10% 10%;\n  max-width: 520px;\n}\n<\/style>\n\t<\/div>\n\n\t\n\n<\/div>\n<h2 class=\"uppercase\">Napisz do mnie<\/h2>\n\n<div class=\"wpcf7 no-js\" id=\"wpcf7-f44-o1\" lang=\"pl-PL\" dir=\"ltr\">\n<div class=\"screen-reader-response\"><p role=\"status\" aria-live=\"polite\" aria-atomic=\"true\"><\/p> <ul><\/ul><\/div>\n<form action=\"\/index.php\/wp-json\/wp\/v2\/pages\/29#wpcf7-f44-o1\" method=\"post\" class=\"wpcf7-form init\" aria-label=\"Formularz kontaktowy\" novalidate=\"novalidate\" data-status=\"init\">\n<div style=\"display: none;\">\n<input type=\"hidden\" name=\"_wpcf7\" value=\"44\" \/>\n<input type=\"hidden\" name=\"_wpcf7_version\" value=\"5.8.7\" \/>\n<input type=\"hidden\" name=\"_wpcf7_locale\" value=\"pl_PL\" \/>\n<input type=\"hidden\" name=\"_wpcf7_unit_tag\" value=\"wpcf7-f44-o1\" \/>\n<input type=\"hidden\" name=\"_wpcf7_container_post\" value=\"0\" \/>\n<input type=\"hidden\" name=\"_wpcf7_posted_data_hash\" value=\"\" \/>\n<\/div>\n<p><label> Twoje imi\u0119 i nazwisko<br \/>\n<span class=\"wpcf7-form-control-wrap\" data-name=\"your-name\"><input size=\"40\" class=\"wpcf7-form-control wpcf7-text wpcf7-validates-as-required\" aria-required=\"true\" aria-invalid=\"false\" value=\"\" type=\"text\" name=\"your-name\" \/><\/span> <\/label>\n<\/p>\n<p><label> Tw\u00f3j adres e-mail<br \/>\n<span class=\"wpcf7-form-control-wrap\" data-name=\"your-email\"><input size=\"40\" class=\"wpcf7-form-control wpcf7-email wpcf7-validates-as-required wpcf7-text wpcf7-validates-as-email\" aria-required=\"true\" aria-invalid=\"false\" value=\"\" type=\"email\" name=\"your-email\" \/><\/span> <\/label>\n<\/p>\n<p><label> Temat<br \/>\n<span class=\"wpcf7-form-control-wrap\" data-name=\"your-subject\"><input size=\"40\" class=\"wpcf7-form-control wpcf7-text wpcf7-validates-as-required\" aria-required=\"true\" aria-invalid=\"false\" value=\"\" type=\"text\" name=\"your-subject\" \/><\/span> <\/label>\n<\/p>\n<p><label> Twoja wiadomo\u015bci (opcjonalne)<br \/>\n<span class=\"wpcf7-form-control-wrap\" data-name=\"your-message\"><textarea cols=\"40\" rows=\"10\" class=\"wpcf7-form-control wpcf7-textarea\" aria-invalid=\"false\" name=\"your-message\"><\/textarea><\/span> <\/label>\n<\/p>\n<p><input class=\"wpcf7-form-control wpcf7-submit has-spinner\" type=\"submit\" value=\"Wy\u015blij\" \/>\n<\/p><div class=\"wpcf7-response-output\" aria-hidden=\"true\"><\/div>\n<\/form>\n<\/div>\n\n\n<h3>Ada Bednarek<\/h3>\n<p>Ada Bednarek urodzi\u0142a sie w 1991r. w Sulechowie. Jest absolwentk\u0105 Wydzia\u0142u Artystycznego Uniwersytetu Zielonog\u00f3rskiego. Prac\u0119 magistersk\u0105 (Performance \u201eKogo To Kurwa Obchodzi\u201d przedstawiaj\u0105cy studium ludzkich emocji oraz codziennych rytua\u0142\u00f3w za pomoc\u0105 zap\u0119tlonych czynno\u015bci rozci\u0105gni\u0119tych w czasie) obroni\u0142a 14.09. 2017 roku na Wydziale Artystycznym Uniwersytetu Zielonog\u00f3rskiego pod kierunkiem dr hab. Rados\u0142awa Czarkowskiego.<\/p>\n<p>\u00a0 \u00a0Ma za sob\u0105 studia licencjackie na kierunku Illustration w University College Falmouth (Anglia) oraz studia magisterskie w Escola Superior de Artes e Design w Caldas da Rainha (Portugalia). Swoje prace przedstawia\u0142a na licznych wystawach indywidualnych i zbiorowych m.in: Salon Jesienny \u2013 coroczny przegl\u0105d tw\u00f3rczo\u015bci artyst\u00f3w wojew\u00f3dztwa lubuskiego ( Galeria BWA w Gorzowie Wielkopolskim w 2018 roku, Galeria BWA w Zielonej G\u00f3rze w 2019 roku), Galeria Bezdomna (Nowa S\u00f3l, 2018), Taka Karma \u2013 Shoty2. Dyplomy ISW 2016\/2017 (BWA Zielona G\u00f3ra, 2017), Kobieta Jest Emocj\u0105 (Sulechowski Dom Kultury, 2018), dyplom licencjacki wyr\u00f3\u017cniony w Think Tank Lab Triennale we Wroc\u0142awiu (Galeria Akademicka we Wroc\u0142awiu, 2016), Flohmarkt- Tylne Centrum Miasta, wystawa insywidualna (Galeria PWW, Zielona G\u00f3ra, 2016). Bra\u0142a udzia\u0142 w konferencjach: Mi\u0119dzynarodowa Konferencja Uczelnia Miejscem Sztuki \u2013 Z\u0142ote drzewo \u017cycia wci\u0105\u017c zielone (ISW Zielona G\u00f3ra, 2015), Sztuka Edukacji (BWA Zielona G\u00f3ra, 2015). Publikowana w czasopi\u015bmie Antea \u2013 Studenckie Zeszyty Naukowe i Artystyczne (2016).\u00a0Wydana dwukrotnie Radiowa Ksi\u0105\u017cka poetycka w Radiu Zach\u00f3d Przeprowadzi\u0142a liczne warsztaty artystyczne m.in kurs ceramiki dla Regionalnego Centrum Kultury w Zielonej G\u00f3rze. Uko\u0144czy\u0142a szko\u0142\u0119 charakteryzacji teatralnej \u201eMaska\u201d.<\/p>\n<p>Obecnie jest aktork\u0105 teatru Terminus a Quo z Nowej Soli oraz autork\u0105 projektu Wudu Raku: ceramiki artystycznej wytwarzanej z my\u015bl\u0105 o magii, zwi\u0105zku z Matk\u0105 Natur\u0105 i dziko\u015bci\u0105 serc. Sama autorka m\u00f3wi o sobie, \u017ce jest nieokrzesanym dzikusem, w tw\u00f3rczo\u015bci stawia na szczero\u015b\u0107, emocje i przekraczanie granic. Poszukuj\u0105ca. Bli\u017cej do lasu ni\u017c do miast. \u201eJestem artystk\u0105 intermedialn\u0105: w swojej tw\u00f3rczo\u015bci wykorzystuje cia\u0142o (sztuki performatywne), instalacje, video, sztuki wizualne. Maluje, rze\u017abi\u0119, pisz\u0119, jestem aktork\u0105 teatraln\u0105 i edukatork\u0105.\u201d<\/p>\n<p><a href=\"http:\/\/dk-sulechow.com\/ada-bednarek\/\">http:\/\/dk-sulechow.com\/ada-bednarek\/<\/a><\/p>\n\n\t\t<\/div>\n\n\t\t\n<style>\n#section_883956883 {\n  padding-top: 0px;\n  padding-bottom: 0px;\n  background-color: rgb(247, 247, 247);\n}\n#section_883956883 .section-bg-overlay {\n  background-color: rgba(255, 255, 255, 0.85);\n}\n#section_883956883 .ux-shape-divider--top svg {\n  height: 150px;\n  --divider-top-width: 100%;\n}\n#section_883956883 .ux-shape-divider--bottom svg {\n  height: 150px;\n  --divider-width: 100%;\n}\n<\/style>\n\t<\/section>\n\t\n\n","protected":false},"excerpt":{"rendered":"","protected":false},"author":1,"featured_media":0,"parent":0,"menu_order":0,"comment_status":"closed","ping_status":"closed","template":"","meta":{"footnotes":""},"class_list":["post-29","page","type-page","status-publish","hentry"],"_links":{"self":[{"href":"https:\/\/wuduraku.art\/index.php\/wp-json\/wp\/v2\/pages\/29","targetHints":{"allow":["GET"]}}],"collection":[{"href":"https:\/\/wuduraku.art\/index.php\/wp-json\/wp\/v2\/pages"}],"about":[{"href":"https:\/\/wuduraku.art\/index.php\/wp-json\/wp\/v2\/types\/page"}],"author":[{"embeddable":true,"href":"https:\/\/wuduraku.art\/index.php\/wp-json\/wp\/v2\/users\/1"}],"replies":[{"embeddable":true,"href":"https:\/\/wuduraku.art\/index.php\/wp-json\/wp\/v2\/comments?post=29"}],"version-history":[{"count":5,"href":"https:\/\/wuduraku.art\/index.php\/wp-json\/wp\/v2\/pages\/29\/revisions"}],"predecessor-version":[{"id":48,"href":"https:\/\/wuduraku.art\/index.php\/wp-json\/wp\/v2\/pages\/29\/revisions\/48"}],"wp:attachment":[{"href":"https:\/\/wuduraku.art\/index.php\/wp-json\/wp\/v2\/media?parent=29"}],"curies":[{"name":"wp","href":"https:\/\/api.w.org\/{rel}","templated":true}]}}